{"id":23,"date":"2023-04-11T12:26:51","date_gmt":"2023-04-11T12:26:51","guid":{"rendered":"http:\/\/agrigenuns.polj.uns.ac.rs\/?page_id=23"},"modified":"2025-04-02T11:25:09","modified_gmt":"2025-04-02T11:25:09","slug":"about","status":"publish","type":"page","link":"http:\/\/agrigenuns.polj.uns.ac.rs\/","title":{"rendered":"O PROJEKTU"},"content":{"rendered":"\n<p class=\"has-text-align-center has-gray-color has-text-color\" style=\"font-size:30px\">Univerzitet u Novom Sadu Poljoprivredni <\/p>\n\n\n\n<p class=\"has-text-align-center has-gray-color has-text-color\" style=\"font-size:30px\">\u017dan Mone Modul \u201cStudije roda u selu i poljoprivredi\u201d<\/p>\n\n\n\n<p class=\"has-text-align-center\">***<\/p>\n\n\n<div class=\"wp-block-image\">\n<figure class=\"alignleft size-full\"><img decoding=\"async\" loading=\"lazy\" width=\"277\" height=\"257\" src=\"http:\/\/agrigenuns.polj.uns.ac.rs\/wp-content\/uploads\/2025\/04\/image.png\" alt=\"\" class=\"wp-image-335\"\/><\/figure><\/div>\n\n\n<p>\u017dan Mone modul \u201cStudije roda u selu i poljoprivredi\u201d akreditovan je kao izborni predmet na zavr\u0161noj godini osnovnih studija smer Agroekonomija na Poljoprivrednom fakultetu u Novom Sadu u okviru istoimenog me\u0111unarodnog projekta.<\/p>\n\n\n\n<p>Osnovni cilj ovog nastavnog modula je da studenti ovladaju pojmovno kategorijalnim aparatom u oblasti prou\u010davanja roda i da znaju da primene odre\u0111ene metodolo\u0161ke pristupe u analizi i istra\u017eivanju konkretnih problema rodnih struktura u ruralnim sredinama Republike Srbije.<\/p>\n\n\n\n<p class=\"has-text-align-center\">***<\/p>\n\n\n\n<p>The project is supported by the&nbsp;<a href=\"https:\/\/eacea.ec.europa.eu\/erasmus-plus\/actions\/jean-monnet_en\">Jean Monnet Programme&nbsp;<\/a>of the European Union <\/p>\n\n\n\n<hr class=\"wp-block-separator has-alpha-channel-opacity\"\/>\n\n\n\n<p>The Jean Monnet Programme is a part of the European Union\u2019s&nbsp;<a href=\"http:\/\/ec.europa.eu\/programmes\/erasmus-plus\/\">Erasmus+ Programme<\/a><\/p>\n\n\n\n<hr class=\"wp-block-separator has-alpha-channel-opacity\"\/>\n\n\n\n<p>Izrada web stranice je kofinansirana od strane&nbsp;<a href=\"https:\/\/apv.visokoobrazovanje.vojvodina.gov.rs\/\">Pokrajinskog sekretarijata za visoko obrazovanje i nau\u010dnoistra\u017eiva\u010dku delatnost AP Vojvodine<\/a><\/p>\n\n\n\n<p><\/p>\n","protected":false},"excerpt":{"rendered":"<p>Univerzitet u Novom Sadu Poljoprivredni \u017dan Mone Modul \u201cStudije roda u selu i poljoprivredi\u201d *** \u017dan Mone modul \u201cStudije roda u selu i poljoprivredi\u201d akreditovan je kao izborni predmet na zavr\u0161noj godini osnovnih studija smer Agroekonomija na Poljoprivrednom fakultetu u Novom Sadu u okviru istoimenog me\u0111unarodnog projekta. Osnovni cilj ovog nastavnog modula je da studenti&hellip; <a class=\"more-link\" href=\"http:\/\/agrigenuns.polj.uns.ac.rs\/\">Continue reading <span class=\"screen-reader-text\">O PROJEKTU<\/span><\/a><\/p>\n","protected":false},"author":2,"featured_media":0,"parent":0,"menu_order":0,"comment_status":"closed","ping_status":"closed","template":"","meta":[],"_links":{"self":[{"href":"http:\/\/agrigenuns.polj.uns.ac.rs\/index.php\/wp-json\/wp\/v2\/pages\/23"}],"collection":[{"href":"http:\/\/agrigenuns.polj.uns.ac.rs\/index.php\/wp-json\/wp\/v2\/pages"}],"about":[{"href":"http:\/\/agrigenuns.polj.uns.ac.rs\/index.php\/wp-json\/wp\/v2\/types\/page"}],"author":[{"embeddable":true,"href":"http:\/\/agrigenuns.polj.uns.ac.rs\/index.php\/wp-json\/wp\/v2\/users\/2"}],"replies":[{"embeddable":true,"href":"http:\/\/agrigenuns.polj.uns.ac.rs\/index.php\/wp-json\/wp\/v2\/comments?post=23"}],"version-history":[{"count":23,"href":"http:\/\/agrigenuns.polj.uns.ac.rs\/index.php\/wp-json\/wp\/v2\/pages\/23\/revisions"}],"predecessor-version":[{"id":336,"href":"http:\/\/agrigenuns.polj.uns.ac.rs\/index.php\/wp-json\/wp\/v2\/pages\/23\/revisions\/336"}],"wp:attachment":[{"href":"http:\/\/agrigenuns.polj.uns.ac.rs\/index.php\/wp-json\/wp\/v2\/media?parent=23"}],"curies":[{"name":"wp","href":"https:\/\/api.w.org\/{rel}","templated":true}]}}